{"id":427,"date":"2025-04-24T20:27:12","date_gmt":"2025-04-24T18:27:12","guid":{"rendered":"https:\/\/originpasta.it\/?post_type=product&#038;p=427"},"modified":"2026-04-10T14:37:51","modified_gmt":"2026-04-10T12:37:51","slug":"olio-coratina","status":"publish","type":"product","link":"https:\/\/originpasta.it\/index.php\/prodotto\/olio-coratina\/","title":{"rendered":"Olio Extra-Vergine d&#8217;Oliva Coratina (250 ml)"},"content":{"rendered":"<h5><strong>Olio Extra-Vergine d&#8217;Oliva Coratina (250 ml)<\/strong><\/h5>\n<h6>Quest&#8217;olio extravergine d\u2019oliva \u00e8 ottenuto da olive della variet\u00e0 Coratina spremute <strong>a freddo<\/strong> ed \u00e8 caratterizzato da un gusto intenso, fruttato e leggermente piccante.<br \/>\n<strong>Ideale con:\u2028<\/strong><br \/>\nPiatti decisi e saporiti, come: pasta con rag\u00f9, zuppe di legumi, risotti strutturati.<br \/>\nCompleta l\u2019esperienza:\u2028Abbinalo ai nostri rigatoni o ai paccheri, ideali per sughi ricchi, oppure al riso Vialone Nano per risotti pi\u00f9 strutturati. <\/h6>\n","protected":false},"excerpt":{"rendered":"<p>Olio Extra-Vergine d&#8217;Oliva Coratina (250 ml) Quest&#8217;olio extravergine d\u2019oliva \u00e8 ottenuto da olive della variet\u00e0 Coratina spremute a freddo ed \u00e8 caratterizzato da un gusto intenso,<span class=\"excerpt-hellip\"> [\u2026]<\/span><\/p>\n","protected":false},"featured_media":665,"comment_status":"open","ping_status":"closed","template":"","meta":[],"product_brand":[],"product_cat":[52],"product_tag":[],"class_list":{"0":"post-427","1":"product","2":"type-product","3":"status-publish","4":"has-post-thumbnail","6":"product_cat-olio","8":"first","9":"instock","10":"taxable","11":"shipping-taxable","12":"purchasable","13":"product-type-simple"},"_links":{"self":[{"href":"https:\/\/originpasta.it\/index.php\/wp-json\/wp\/v2\/product\/427","targetHints":{"allow":["GET"]}}],"collection":[{"href":"https:\/\/originpasta.it\/index.php\/wp-json\/wp\/v2\/product"}],"about":[{"href":"https:\/\/originpasta.it\/index.php\/wp-json\/wp\/v2\/types\/product"}],"replies":[{"embeddable":true,"href":"https:\/\/originpasta.it\/index.php\/wp-json\/wp\/v2\/comments?post=427"}],"wp:featuredmedia":[{"embeddable":true,"href":"https:\/\/originpasta.it\/index.php\/wp-json\/wp\/v2\/media\/665"}],"wp:attachment":[{"href":"https:\/\/originpasta.it\/index.php\/wp-json\/wp\/v2\/media?parent=427"}],"wp:term":[{"taxonomy":"product_brand","embeddable":true,"href":"https:\/\/originpasta.it\/index.php\/wp-json\/wp\/v2\/product_brand?post=427"},{"taxonomy":"product_cat","embeddable":true,"href":"https:\/\/originpasta.it\/index.php\/wp-json\/wp\/v2\/product_cat?post=427"},{"taxonomy":"product_tag","embeddable":true,"href":"https:\/\/originpasta.it\/index.php\/wp-json\/wp\/v2\/product_tag?post=427"}],"curies":[{"name":"wp","href":"https:\/\/api.w.org\/{rel}","templated":true}]}}