{"id":701,"date":"2026-04-10T19:55:58","date_gmt":"2026-04-10T17:55:58","guid":{"rendered":"https:\/\/originpasta.it\/?post_type=product&#038;p=701"},"modified":"2026-04-10T19:58:44","modified_gmt":"2026-04-10T17:58:44","slug":"riso-vialone-nano","status":"publish","type":"product","link":"https:\/\/originpasta.it\/index.php\/prodotto\/riso-vialone-nano\/","title":{"rendered":"Riso Vialone Nano"},"content":{"rendered":"<h5><em><strong>Riso Vialone Nano<\/strong><\/em><\/h5>\n<h6>Il nostro <strong>riso vialone nano<\/strong> \u00e8 un <strong>riso italiano di alta qualit\u00e0<\/strong>, caratterizzato da chicchi pi\u00f9 piccoli e tondeggianti, perfetti per assorbire i condimenti e rilasciare cremosit\u00e0 durante la cottura.<\/h6>\n<h5><strong>Ideale per:<\/strong><\/h5>\n<h6>\nRisotti cremosi e ben mantecati, come: risotto alla zucca, risotto al radicchio, risotto all\u2019amarone.<\/p>\n<h5><strong>Per una resa ottimale cuoci il nostro riso vialone nano rispettando la cottura indicata e abbinalo ad a un <strong>olio EVO o aromatizzato<\/strong> di qualit\u00e0 e ad un <strong>vino selezionato.<\/strong><\/h6>\n","protected":false},"excerpt":{"rendered":"<p>Riso Vialone Nano Il nostro riso vialone nano \u00e8 un riso italiano di alta qualit\u00e0, caratterizzato da chicchi pi\u00f9 piccoli e tondeggianti, perfetti per assorbire i<span class=\"excerpt-hellip\"> [\u2026]<\/span><\/p>\n","protected":false},"featured_media":702,"comment_status":"open","ping_status":"closed","template":"","meta":[],"product_brand":[],"product_cat":[50],"product_tag":[],"class_list":{"0":"post-701","1":"product","2":"type-product","3":"status-publish","4":"has-post-thumbnail","6":"product_cat-riso","8":"first","9":"instock","10":"taxable","11":"shipping-taxable","12":"purchasable","13":"product-type-simple"},"_links":{"self":[{"href":"https:\/\/originpasta.it\/index.php\/wp-json\/wp\/v2\/product\/701","targetHints":{"allow":["GET"]}}],"collection":[{"href":"https:\/\/originpasta.it\/index.php\/wp-json\/wp\/v2\/product"}],"about":[{"href":"https:\/\/originpasta.it\/index.php\/wp-json\/wp\/v2\/types\/product"}],"replies":[{"embeddable":true,"href":"https:\/\/originpasta.it\/index.php\/wp-json\/wp\/v2\/comments?post=701"}],"wp:featuredmedia":[{"embeddable":true,"href":"https:\/\/originpasta.it\/index.php\/wp-json\/wp\/v2\/media\/702"}],"wp:attachment":[{"href":"https:\/\/originpasta.it\/index.php\/wp-json\/wp\/v2\/media?parent=701"}],"wp:term":[{"taxonomy":"product_brand","embeddable":true,"href":"https:\/\/originpasta.it\/index.php\/wp-json\/wp\/v2\/product_brand?post=701"},{"taxonomy":"product_cat","embeddable":true,"href":"https:\/\/originpasta.it\/index.php\/wp-json\/wp\/v2\/product_cat?post=701"},{"taxonomy":"product_tag","embeddable":true,"href":"https:\/\/originpasta.it\/index.php\/wp-json\/wp\/v2\/product_tag?post=701"}],"curies":[{"name":"wp","href":"https:\/\/api.w.org\/{rel}","templated":true}]}}