{"id":703,"date":"2026-04-10T19:58:49","date_gmt":"2026-04-10T17:58:49","guid":{"rendered":"https:\/\/originpasta.it\/?post_type=product&#038;p=703"},"modified":"2026-04-10T20:00:28","modified_gmt":"2026-04-10T18:00:28","slug":"riso-carnaroli-integrale","status":"publish","type":"product","link":"https:\/\/originpasta.it\/index.php\/prodotto\/riso-carnaroli-integrale\/","title":{"rendered":"Riso Carnaroli Integrale"},"content":{"rendered":"<h5><em><strong>Riso Carnaroli Integrale<\/strong><\/em><\/h5>\n<h6>l nostro <strong>riso carnaroli integrale<\/strong> \u00e8 una variet\u00e0 di riso integrale italiano, che mantiene intatte le propriet\u00e0 del chicco grazie alla lavorazione meno raffinata.\u2028Ideale per chi cerca un\u2019alternativa pi\u00f9 ricca e dal gusto intenso, senza rinunciare alla <strong>qualit\u00e0<\/strong>.<\/h6>\n<h5><strong>Ideale per:<\/strong><\/h5>\n<h6>\nVerdure croccanti, legumi, formaggi saporiti o pesce, come per: risotto integrale con fughi e taleggio, riso integrale con verza e salsiccia, risotto integrale con gamberi e arancia. <\/p>\n<h5><strong>Completa L&#8217;esperienza:<\/strong><\/h5>\n<h6> Per una resa ottimale cuoci il nostro riso carnaroli integrale rispettando la cottura indicata e abbinalo ad a un <strong>olio EVO o aromatizzato<\/strong> di qualit\u00e0 e ad un <strong>vino selezionato.<\/strong><\/h6>\n","protected":false},"excerpt":{"rendered":"<p>Riso Carnaroli Integrale l nostro riso carnaroli integrale \u00e8 una variet\u00e0 di riso integrale italiano, che mantiene intatte le propriet\u00e0 del chicco grazie alla lavorazione meno<span class=\"excerpt-hellip\"> [\u2026]<\/span><\/p>\n","protected":false},"featured_media":704,"comment_status":"open","ping_status":"closed","template":"","meta":[],"product_brand":[],"product_cat":[50],"product_tag":[],"class_list":{"0":"post-703","1":"product","2":"type-product","3":"status-publish","4":"has-post-thumbnail","6":"product_cat-riso","8":"first","9":"instock","10":"taxable","11":"shipping-taxable","12":"purchasable","13":"product-type-simple"},"_links":{"self":[{"href":"https:\/\/originpasta.it\/index.php\/wp-json\/wp\/v2\/product\/703","targetHints":{"allow":["GET"]}}],"collection":[{"href":"https:\/\/originpasta.it\/index.php\/wp-json\/wp\/v2\/product"}],"about":[{"href":"https:\/\/originpasta.it\/index.php\/wp-json\/wp\/v2\/types\/product"}],"replies":[{"embeddable":true,"href":"https:\/\/originpasta.it\/index.php\/wp-json\/wp\/v2\/comments?post=703"}],"wp:featuredmedia":[{"embeddable":true,"href":"https:\/\/originpasta.it\/index.php\/wp-json\/wp\/v2\/media\/704"}],"wp:attachment":[{"href":"https:\/\/originpasta.it\/index.php\/wp-json\/wp\/v2\/media?parent=703"}],"wp:term":[{"taxonomy":"product_brand","embeddable":true,"href":"https:\/\/originpasta.it\/index.php\/wp-json\/wp\/v2\/product_brand?post=703"},{"taxonomy":"product_cat","embeddable":true,"href":"https:\/\/originpasta.it\/index.php\/wp-json\/wp\/v2\/product_cat?post=703"},{"taxonomy":"product_tag","embeddable":true,"href":"https:\/\/originpasta.it\/index.php\/wp-json\/wp\/v2\/product_tag?post=703"}],"curies":[{"name":"wp","href":"https:\/\/api.w.org\/{rel}","templated":true}]}}