{"id":743,"date":"2026-04-13T15:00:09","date_gmt":"2026-04-13T13:00:09","guid":{"rendered":"https:\/\/originpasta.it\/?post_type=product&#038;p=743"},"modified":"2026-04-13T15:08:03","modified_gmt":"2026-04-13T13:08:03","slug":"chapitre-2023-cotes-du-rhone","status":"publish","type":"product","link":"https:\/\/originpasta.it\/index.php\/prodotto\/chapitre-2023-cotes-du-rhone\/","title":{"rendered":"Chapitre 2023 &#8211; C\u00f4tes du Rh\u00f4ne"},"content":{"rendered":"<div style=\"color: #ffffff;\">\n<h5 style=\"color: #ffffff;\"><strong>Un rosso conviviale, caldo e immediato<\/strong><\/h5>\n<p>Ci sono vini fatti per stupire e altri fatti per stare bene insieme. Questo C\u00f4tes du Rh\u00f4ne 2023 \u00e8 esattamente questo: un vino che profuma di convivialit\u00e0.<\/p>\n<hr style=\"border: 0; border-top: 1px solid #ffffff; opacity: 0.3;\" \/>\n<h6 style=\"color: #ffffff;\"><strong>Caratteristiche:<\/strong><\/h6>\n<ul>\n<li><strong>Denominazione:<\/strong> C\u00f4tes du Rh\u00f4ne AOC<\/li>\n<li><strong>Annata:<\/strong> 2023<\/li>\n<li><strong>Vitigno:<\/strong> Grenache, Syrah<\/li>\n<li><strong>Regione:<\/strong> Valle del Rodano, Francia<\/li>\n<li><strong>Gradazione:<\/strong> ~13,5%<\/li>\n<li><strong>Affinamento:<\/strong> Acciaio<\/li>\n<\/ul>\n<hr style=\"border: 0; border-top: 1px solid #ffffff; opacity: 0.3;\" \/>\n<h6 style=\"color: #ffffff;\"><strong>Note di degustazione:<\/strong><\/h6>\n<p>Profumi di frutti rossi freschi, ciliegia e leggere spezie. In bocca \u00e8 morbido, rotondo e con una piacevole freschezza.<\/p>\n<h6 style=\"color: #ffffff;\"><strong>Ideale con:<\/strong><\/h6>\n<ul>\n<li>\u2013 Pasta al pomodoro<\/li>\n<li>\u2013 Piatti mediterranei<\/li>\n<li>\u2013 Carni bianche<\/li>\n<li>\u2013 Taglieri<\/li>\n<\/ul>\n<hr style=\"border: 0; border-top: 1px solid #ffffff; opacity: 0.3;\" \/>\n<h6 style=\"color: #ffffff;\"><strong>Consiglio Origin Pasta:<\/strong><\/h6>\n<p>Da provare con linguine o mafalde, perfette per piatti semplici ma ricchi di gusto.<br \/>\n    <br \/>\n    \ud83d\udc49 <a href=\"https:\/\/originpasta.it\/index.php\/categoria-prodotto\/pasta\/\" style=\"color: #ffffff; text-decoration: underline;\">[link formati]<\/a><\/p>\n<h5 style=\"color: #ffffff;\"><em><strong>Perch\u00e9 sceglierlo:<\/strong><\/em><\/h5>\n<ul>\n<li>\u2714 Vino rosso facile e versatile<\/li>\n<li>\u2714 Perfetto per tutti i giorni<\/li>\n<li>\u2714 Ottimo anche leggermente fresco<\/li>\n<\/ul>\n<\/div>\n","protected":false},"excerpt":{"rendered":"<p>Un rosso conviviale, caldo e immediato Ci sono vini fatti per stupire e altri fatti per stare bene insieme. Questo C\u00f4tes du Rh\u00f4ne 2023 \u00e8 esattamente<span class=\"excerpt-hellip\"> [\u2026]<\/span><\/p>\n","protected":false},"featured_media":744,"comment_status":"open","ping_status":"closed","template":"","meta":[],"product_brand":[],"product_cat":[56,51],"product_tag":[],"class_list":{"0":"post-743","1":"product","2":"type-product","3":"status-publish","4":"has-post-thumbnail","6":"product_cat-rosso","7":"product_cat-vini","9":"first","10":"instock","11":"taxable","12":"shipping-taxable","13":"purchasable","14":"product-type-simple"},"_links":{"self":[{"href":"https:\/\/originpasta.it\/index.php\/wp-json\/wp\/v2\/product\/743","targetHints":{"allow":["GET"]}}],"collection":[{"href":"https:\/\/originpasta.it\/index.php\/wp-json\/wp\/v2\/product"}],"about":[{"href":"https:\/\/originpasta.it\/index.php\/wp-json\/wp\/v2\/types\/product"}],"replies":[{"embeddable":true,"href":"https:\/\/originpasta.it\/index.php\/wp-json\/wp\/v2\/comments?post=743"}],"wp:featuredmedia":[{"embeddable":true,"href":"https:\/\/originpasta.it\/index.php\/wp-json\/wp\/v2\/media\/744"}],"wp:attachment":[{"href":"https:\/\/originpasta.it\/index.php\/wp-json\/wp\/v2\/media?parent=743"}],"wp:term":[{"taxonomy":"product_brand","embeddable":true,"href":"https:\/\/originpasta.it\/index.php\/wp-json\/wp\/v2\/product_brand?post=743"},{"taxonomy":"product_cat","embeddable":true,"href":"https:\/\/originpasta.it\/index.php\/wp-json\/wp\/v2\/product_cat?post=743"},{"taxonomy":"product_tag","embeddable":true,"href":"https:\/\/originpasta.it\/index.php\/wp-json\/wp\/v2\/product_tag?post=743"}],"curies":[{"name":"wp","href":"https:\/\/api.w.org\/{rel}","templated":true}]}}